{"id":1556,"date":"2017-07-27T17:29:02","date_gmt":"2017-07-27T14:29:02","guid":{"rendered":"http:\/\/www.bilisimonline.net\/?page_id=1556"},"modified":"2017-07-31T17:12:02","modified_gmt":"2017-07-31T14:12:02","slug":"soru-cevap","status":"publish","type":"page","link":"http:\/\/www.bilisimonline.net\/index.php\/soru-cevap\/","title":{"rendered":"Soru Cevap"},"content":{"rendered":"<p align=\"JUSTIFY\"><span style=\"font-family: Arial, sans-serif;\"><span style=\"font-size: small;\">Merhaba Bili\u015fim Sistemleri hakk\u0131nda her t\u00fcrl\u00fc (\u0130\u015fletim Sistemleri, Ak\u0131ll\u0131 telefonlar, Bilgisayarlar, Tablet, Yaz\u0131c\u0131 Mobil Uygulamalar vb.) akl\u0131n\u0131za gelen sorular\u0131n\u0131z\u0131 bize yaz\u0131n. Sorular\u0131n\u0131z\u0131 a\u015fa\u011f\u0131da bulunan form ile bize yazabilirsiniz. Sorular\u0131n\u0131za yine bu sayfa \u00fczerinden cevap verilecektir. Unutmayal\u0131m bilgi payla\u015ft\u0131k\u00e7a \u00e7o\u011fal\u0131r.<\/span><\/span><\/p>\n<p align=\"JUSTIFY\"><div data-test='contact-form' id='contact-form-1556' class='wp-block-jetpack-contact-form-container '>\n<form action='http:\/\/www.bilisimonline.net\/index.php\/soru-cevap\/#contact-form-1556' method='post' class='contact-form commentsblock' aria-label=\"Soru Cevap\" novalidate>\n\n<div style=\"\" class='grunion-field-name-wrap grunion-field-wrap'  >\n<label\n\t\t\t\tfor='g1556-sim'\n\t\t\t\tclass='grunion-field-label name'>\u0130sim<span class=\"grunion-label-required\" aria-hidden=\"true\">(gerekli)<\/span><\/label>\n<input\n\t\t\t\t\ttype='text'\n\t\t\t\t\tname='g1556-sim'\n\t\t\t\t\tid='g1556-sim'\n\t\t\t\t\tvalue=''\n\t\t\t\t\tclass='name  grunion-field' \n\t\t\t\t\trequired aria-required='true' \/>\n\t<\/div>\n\n<div style=\"\" class='grunion-field-email-wrap grunion-field-wrap'  >\n<label\n\t\t\t\tfor='g1556-eposta'\n\t\t\t\tclass='grunion-field-label email'>E-Posta<span class=\"grunion-label-required\" aria-hidden=\"true\">(gerekli)<\/span><\/label>\n<input\n\t\t\t\t\ttype='email'\n\t\t\t\t\tname='g1556-eposta'\n\t\t\t\t\tid='g1556-eposta'\n\t\t\t\t\tvalue=''\n\t\t\t\t\tclass='email  grunion-field' \n\t\t\t\t\trequired aria-required='true' \/>\n\t<\/div>\n\n<div style=\"\" class='grunion-field-textarea-wrap grunion-field-wrap'  >\n<label\n\t\t\t\tfor='contact-form-comment-g1556-sorunuz'\n\t\t\t\tclass='grunion-field-label textarea'>Sorunuz<span class=\"grunion-label-required\" aria-hidden=\"true\">(gerekli)<\/span><\/label>\n<textarea\n\t\t                style=''\n\t\t                name='g1556-sorunuz'\n\t\t                id='contact-form-comment-g1556-sorunuz'\n\t\t                rows='20' class='textarea  grunion-field'  required aria-required='true'><\/textarea>\n\t<\/div>\n\t<p class='contact-submit'>\n\t\t<button type='submit' class='pushbutton-wide'>G\u00f6nder<\/button>\t\t<input type='hidden' name='contact-form-id' value='1556' \/>\n\t\t<input type='hidden' name='action' value='grunion-contact-form' \/>\n\t\t<input type='hidden' name='contact-form-hash' value='b46f6d1b299ff6e2e19e9c199021a4142b330624' \/>\n\t<\/p>\n<p style=\"display: none !important;\" class=\"akismet-fields-container\" data-prefix=\"ak_\"><label>&#916;<textarea name=\"ak_hp_textarea\" cols=\"45\" rows=\"8\" maxlength=\"100\"><\/textarea><\/label><input type=\"hidden\" id=\"ak_js_1\" name=\"ak_js\" value=\"5\"\/><script>document.getElementById( \"ak_js_1\" ).setAttribute( \"value\", ( new Date() ).getTime() );<\/script><\/p><\/form>\n<\/div>\n","protected":false},"excerpt":{"rendered":"<p>Merhaba Bili\u015fim Sistemleri hakk\u0131nda her t\u00fcrl\u00fc (\u0130\u015fletim Sistemleri, Ak\u0131ll\u0131 telefonlar, Bilgisayarlar, Tablet, Yaz\u0131c\u0131 Mobil Uygulamalar vb.) akl\u0131n\u0131za gelen sorular\u0131n\u0131z\u0131 bize yaz\u0131n. Sorular\u0131n\u0131z\u0131 a\u015fa\u011f\u0131da bulunan form ile bize yazabilirsiniz. Sorular\u0131n\u0131za yine bu sayfa \u00fczerinden cevap verilecektir. Unutmayal\u0131m bilgi payla\u015ft\u0131k\u00e7a \u00e7o\u011fal\u0131r.<\/p>\n","protected":false},"author":1,"featured_media":0,"parent":0,"menu_order":0,"comment_status":"closed","ping_status":"closed","template":"","meta":{"jetpack_post_was_ever_published":false,"footnotes":""},"class_list":["post-1556","page","type-page","status-publish","hentry"],"aioseo_notices":[],"jetpack_sharing_enabled":true,"jetpack_shortlink":"https:\/\/wp.me\/P7k56R-p6","jetpack-related-posts":[],"_links":{"self":[{"href":"http:\/\/www.bilisimonline.net\/index.php\/wp-json\/wp\/v2\/pages\/1556"}],"collection":[{"href":"http:\/\/www.bilisimonline.net\/index.php\/wp-json\/wp\/v2\/pages"}],"about":[{"href":"http:\/\/www.bilisimonline.net\/index.php\/wp-json\/wp\/v2\/types\/page"}],"author":[{"embeddable":true,"href":"http:\/\/www.bilisimonline.net\/index.php\/wp-json\/wp\/v2\/users\/1"}],"replies":[{"embeddable":true,"href":"http:\/\/www.bilisimonline.net\/index.php\/wp-json\/wp\/v2\/comments?post=1556"}],"version-history":[{"count":5,"href":"http:\/\/www.bilisimonline.net\/index.php\/wp-json\/wp\/v2\/pages\/1556\/revisions"}],"predecessor-version":[{"id":4772,"href":"http:\/\/www.bilisimonline.net\/index.php\/wp-json\/wp\/v2\/pages\/1556\/revisions\/4772"}],"wp:attachment":[{"href":"http:\/\/www.bilisimonline.net\/index.php\/wp-json\/wp\/v2\/media?parent=1556"}],"curies":[{"name":"wp","href":"https:\/\/api.w.org\/{rel}","templated":true}]}}