{"id":817,"date":"2017-04-17T11:52:19","date_gmt":"2017-04-17T08:52:19","guid":{"rendered":"http:\/\/www.bilisimonline.net\/?page_id=817"},"modified":"2017-09-23T22:25:50","modified_gmt":"2017-09-23T19:25:50","slug":"hakkimizda","status":"publish","type":"page","link":"http:\/\/www.bilisimonline.net\/index.php\/hakkimizda\/","title":{"rendered":"Hakk\u0131m\u0131zda"},"content":{"rendered":"<p align=\"justify\"><span style=\"font-family: Arial, sans-serif;\"><span style=\"font-size: small;\">De\u011ferli bilisimonline.net takip\u00e7ileri ve sevgili Bili\u015fim Sistemlerine g\u00f6n\u00fcl verenler,<img data-recalc-dims=\"1\" loading=\"lazy\" decoding=\"async\" data-attachment-id=\"838\" data-permalink=\"http:\/\/www.bilisimonline.net\/index.php\/iletisim\/bilisimonline\/\" data-orig-file=\"https:\/\/i0.wp.com\/www.bilisimonline.net\/wp-content\/uploads\/2017\/04\/bilisimonline.jpg?fit=900%2C900\" data-orig-size=\"900,900\" data-comments-opened=\"1\" data-image-meta=\"{&quot;aperture&quot;:&quot;0&quot;,&quot;credit&quot;:&quot;&quot;,&quot;camera&quot;:&quot;&quot;,&quot;caption&quot;:&quot;&quot;,&quot;created_timestamp&quot;:&quot;0&quot;,&quot;copyright&quot;:&quot;&quot;,&quot;focal_length&quot;:&quot;0&quot;,&quot;iso&quot;:&quot;0&quot;,&quot;shutter_speed&quot;:&quot;0&quot;,&quot;title&quot;:&quot;&quot;,&quot;orientation&quot;:&quot;0&quot;}\" data-image-title=\"bilisimonline\" data-image-description=\"&lt;p&gt;bilisimonline&lt;\/p&gt;\n\" data-image-caption=\"\" data-medium-file=\"https:\/\/i0.wp.com\/www.bilisimonline.net\/wp-content\/uploads\/2017\/04\/bilisimonline.jpg?fit=300%2C300\" data-large-file=\"https:\/\/i0.wp.com\/www.bilisimonline.net\/wp-content\/uploads\/2017\/04\/bilisimonline.jpg?fit=620%2C620\" tabindex=\"0\" role=\"button\" class=\"wp-image-838 alignright\" src=\"https:\/\/i0.wp.com\/www.bilisimonline.net\/wp-content\/uploads\/2017\/04\/bilisimonline.jpg?resize=260%2C260\" alt=\"\" width=\"260\" height=\"260\" srcset=\"https:\/\/i0.wp.com\/www.bilisimonline.net\/wp-content\/uploads\/2017\/04\/bilisimonline.jpg?w=900 900w, https:\/\/i0.wp.com\/www.bilisimonline.net\/wp-content\/uploads\/2017\/04\/bilisimonline.jpg?resize=150%2C150 150w, https:\/\/i0.wp.com\/www.bilisimonline.net\/wp-content\/uploads\/2017\/04\/bilisimonline.jpg?resize=300%2C300 300w, https:\/\/i0.wp.com\/www.bilisimonline.net\/wp-content\/uploads\/2017\/04\/bilisimonline.jpg?resize=768%2C768 768w, https:\/\/i0.wp.com\/www.bilisimonline.net\/wp-content\/uploads\/2017\/04\/bilisimonline.jpg?resize=100%2C100 100w, https:\/\/i0.wp.com\/www.bilisimonline.net\/wp-content\/uploads\/2017\/04\/bilisimonline.jpg?resize=200%2C200 200w, https:\/\/i0.wp.com\/www.bilisimonline.net\/wp-content\/uploads\/2017\/04\/bilisimonline.jpg?resize=450%2C450 450w, https:\/\/i0.wp.com\/www.bilisimonline.net\/wp-content\/uploads\/2017\/04\/bilisimonline.jpg?resize=600%2C600 600w, https:\/\/i0.wp.com\/www.bilisimonline.net\/wp-content\/uploads\/2017\/04\/bilisimonline.jpg?resize=60%2C60 60w, https:\/\/i0.wp.com\/www.bilisimonline.net\/wp-content\/uploads\/2017\/04\/bilisimonline.jpg?resize=70%2C70 70w\" sizes=\"(max-width: 260px) 100vw, 260px\" \/><\/span><\/span><\/p>\n<p align=\"justify\"><span style=\"font-family: Arial, sans-serif;\"><span style=\"font-size: small;\">Sitemiz \u015eubat 2016 tarihinde sizlerin be\u011fenisine sunuldu. Bili\u015fim Sistemlerinde bilgiyi payla\u015fmak, yeni bir\u015feyler \u00f6\u011frenmek, tecr\u00fcbelerimizi sizlere aktarmak, Billi\u015fim sekt\u00f6r\u00fcnde birbirimize yard\u0131mc\u0131 olmak en b\u00fcy\u00fck amac\u0131m\u0131zd\u0131r. Bilgi payla\u015ft\u0131k\u00e7a \u00e7o\u011fal\u0131r en temel prensibimizdir. Bu do\u011frultuda farkl\u0131 alanlarda yaz\u0131lar\u0131m\u0131z\u0131 sizlerle payla\u015fmaya devam ediyoruz. Bili\u015fim d\u00fcnyas\u0131nda yeni bir y\u00fcz olarak sizlerle birlikteyiz. Site hakk\u0131nda Piyasahabercisi.com ve Cepkutusu.com&#8217;da yay\u0131nlanan yaz\u0131lara a\u015fa\u011f\u0131dan linklerden ula\u015fabilirsiniz. Haziran 2017 tarihi itibari ile Bilisimonline ile 13 Soruda 13 Cevap e-r\u00f6portajlar\u0131m\u0131za ba\u015fl\u0131yoruz. Bili\u015fim sekt\u00f6r\u00fcnde alan\u0131nda uzman ki\u015fi ve firmalar ile ger\u00e7ekle\u015ftirdi\u011fimiz e-r\u00f6portajlar ile g\u00fcncel konular\u0131, bili\u015fim d\u00fcnyas\u0131n\u0131 vb konular\u0131 ko\u015fuyoruz, r\u00f6portajlar\u0131m\u0131z\u0131 sitemizde E-R\u00f6portaj b\u00f6l\u00fcm\u00fcnde bulabilirsiniz. Sitemizde yazar olmak i\u00e7in \u0130leti\u015fim b\u00f6l\u00fcm\u00fcnden bizimle ileti\u015fime ge\u00e7ebilirsiniz.<\/span><\/span><\/p>\n<p align=\"justify\"><span style=\"font-size: small;\"><a href=\"http:\/\/piyasahabercisi.com\/bilisimonline-net\/\"><span style=\"font-family: Arial, sans-serif;\">http:\/\/piyasahabercisi.com\/bilisimonline-net\/<\/span><\/a><\/span><\/p>\n<p align=\"justify\"><span style=\"font-size: small;\"><a href=\"https:\/\/www.cepkutusu.com\/7908-gelecek-ve-gelisim-icin-bilisim.html\"><span style=\"font-family: Arial, sans-serif;\">https:\/\/www.cepkutusu.com\/7908-gelecek-ve-gelisim-icin-bilisim.html<\/span><\/a><\/span><\/p>\n<p>&nbsp;<\/p>\n","protected":false},"excerpt":{"rendered":"<p>De\u011ferli bilisimonline.net takip\u00e7ileri ve sevgili Bili\u015fim Sistemlerine g\u00f6n\u00fcl verenler, Sitemiz \u015eubat 2016 tarihinde sizlerin be\u011fenisine sunuldu. Bili\u015fim Sistemlerinde bilgiyi payla\u015fmak, yeni bir\u015feyler \u00f6\u011frenmek, tecr\u00fcbelerimizi sizlere aktarmak, Billi\u015fim sekt\u00f6r\u00fcnde birbirimize yard\u0131mc\u0131 olmak en b\u00fcy\u00fck amac\u0131m\u0131zd\u0131r. Bilgi payla\u015ft\u0131k\u00e7a \u00e7o\u011fal\u0131r en temel prensibimizdir. Bu do\u011frultuda farkl\u0131 alanlarda yaz\u0131lar\u0131m\u0131z\u0131 sizlerle payla\u015fmaya devam ediyoruz. Bili\u015fim d\u00fcnyas\u0131nda yeni bir y\u00fcz olarak &#8230;<\/p>\n","protected":false},"author":1,"featured_media":0,"parent":0,"menu_order":0,"comment_status":"closed","ping_status":"closed","template":"","meta":{"jetpack_post_was_ever_published":false,"footnotes":""},"class_list":["post-817","page","type-page","status-publish","hentry"],"aioseo_notices":[],"jetpack_sharing_enabled":true,"jetpack_shortlink":"https:\/\/wp.me\/P7k56R-db","jetpack-related-posts":[],"_links":{"self":[{"href":"http:\/\/www.bilisimonline.net\/index.php\/wp-json\/wp\/v2\/pages\/817"}],"collection":[{"href":"http:\/\/www.bilisimonline.net\/index.php\/wp-json\/wp\/v2\/pages"}],"about":[{"href":"http:\/\/www.bilisimonline.net\/index.php\/wp-json\/wp\/v2\/types\/page"}],"author":[{"embeddable":true,"href":"http:\/\/www.bilisimonline.net\/index.php\/wp-json\/wp\/v2\/users\/1"}],"replies":[{"embeddable":true,"href":"http:\/\/www.bilisimonline.net\/index.php\/wp-json\/wp\/v2\/comments?post=817"}],"version-history":[{"count":6,"href":"http:\/\/www.bilisimonline.net\/index.php\/wp-json\/wp\/v2\/pages\/817\/revisions"}],"predecessor-version":[{"id":1731,"href":"http:\/\/www.bilisimonline.net\/index.php\/wp-json\/wp\/v2\/pages\/817\/revisions\/1731"}],"wp:attachment":[{"href":"http:\/\/www.bilisimonline.net\/index.php\/wp-json\/wp\/v2\/media?parent=817"}],"curies":[{"name":"wp","href":"https:\/\/api.w.org\/{rel}","templated":true}]}}