{"id":820,"date":"2017-04-17T11:53:55","date_gmt":"2017-04-17T08:53:55","guid":{"rendered":"http:\/\/www.bilisimonline.net\/?page_id=820"},"modified":"2019-04-18T10:29:03","modified_gmt":"2019-04-18T07:29:03","slug":"gizlilik-politikasi","status":"publish","type":"page","link":"http:\/\/www.bilisimonline.net\/index.php\/gizlilik-politikasi\/","title":{"rendered":"Gizlilik ve G\u00fcvenlik Politikas\u0131"},"content":{"rendered":"<h2 class=\"entry-title\">Gizlilik ve G\u00fcvenlik Politikas\u0131<\/h2>\n<p align=\"justify\"><span style=\"color: #339966;\"><span style=\"font-family: Arial, sans-serif;\"><span style=\"font-size: small;\"><u><b><img data-recalc-dims=\"1\" loading=\"lazy\" decoding=\"async\" data-attachment-id=\"462\" data-permalink=\"http:\/\/www.bilisimonline.net\/index.php\/2016\/06\/02\/ipsec-internet-protocol-security\/confidentiality1\/\" data-orig-file=\"https:\/\/i0.wp.com\/www.bilisimonline.net\/wp-content\/uploads\/2016\/06\/Confidentiality1.jpg?fit=640%2C427\" data-orig-size=\"640,427\" data-comments-opened=\"1\" data-image-meta=\"{&quot;aperture&quot;:&quot;0&quot;,&quot;credit&quot;:&quot;&quot;,&quot;camera&quot;:&quot;&quot;,&quot;caption&quot;:&quot;&quot;,&quot;created_timestamp&quot;:&quot;0&quot;,&quot;copyright&quot;:&quot;&quot;,&quot;focal_length&quot;:&quot;0&quot;,&quot;iso&quot;:&quot;0&quot;,&quot;shutter_speed&quot;:&quot;0&quot;,&quot;title&quot;:&quot;&quot;,&quot;orientation&quot;:&quot;0&quot;}\" data-image-title=\"Confidentiality1\" data-image-description=\"\" data-image-caption=\"\" data-medium-file=\"https:\/\/i0.wp.com\/www.bilisimonline.net\/wp-content\/uploads\/2016\/06\/Confidentiality1.jpg?fit=300%2C200\" data-large-file=\"https:\/\/i0.wp.com\/www.bilisimonline.net\/wp-content\/uploads\/2016\/06\/Confidentiality1.jpg?fit=620%2C414\" tabindex=\"0\" role=\"button\" class=\"wp-image-462 alignright\" src=\"https:\/\/i0.wp.com\/www.bilisimonline.net\/wp-content\/uploads\/2016\/06\/Confidentiality1.jpg?resize=180%2C120\" alt=\"\" width=\"180\" height=\"120\" srcset=\"https:\/\/i0.wp.com\/www.bilisimonline.net\/wp-content\/uploads\/2016\/06\/Confidentiality1.jpg?w=640 640w, https:\/\/i0.wp.com\/www.bilisimonline.net\/wp-content\/uploads\/2016\/06\/Confidentiality1.jpg?resize=300%2C200 300w, https:\/\/i0.wp.com\/www.bilisimonline.net\/wp-content\/uploads\/2016\/06\/Confidentiality1.jpg?resize=100%2C67 100w, https:\/\/i0.wp.com\/www.bilisimonline.net\/wp-content\/uploads\/2016\/06\/Confidentiality1.jpg?resize=150%2C100 150w, https:\/\/i0.wp.com\/www.bilisimonline.net\/wp-content\/uploads\/2016\/06\/Confidentiality1.jpg?resize=200%2C133 200w, https:\/\/i0.wp.com\/www.bilisimonline.net\/wp-content\/uploads\/2016\/06\/Confidentiality1.jpg?resize=450%2C300 450w, https:\/\/i0.wp.com\/www.bilisimonline.net\/wp-content\/uploads\/2016\/06\/Confidentiality1.jpg?resize=600%2C400 600w\" sizes=\"(max-width: 180px) 100vw, 180px\" \/><\/b><\/u><\/span><\/span><\/span><\/p>\n<p>www.bilisimonline.net sitesi olarak ki\u015fisel gizlilik haklar\u0131n\u0131za sayg\u0131 duyuyor ve sitemizde ge\u00e7irdi\u011finiz s\u00fcre zarf\u0131nda bunu sa\u011flamak i\u00e7in \u00e7aba sarf ediyoruz. Ki\u015fisel bilgilerinizin g\u00fcvenli\u011fi ile ilgili a\u00e7\u0131klamalar a\u015fa\u011f\u0131da a\u00e7\u0131klanm\u0131\u015f ve bilginize sunulmu\u015ftur.<\/p>\n<p>Sitemizde yer alan t\u00fcm makaleler kaynak g\u00f6stermek ve link vermek \u015fart\u0131yla payla\u015f\u0131labilir.<\/p>\n<p>REKLAMLAR<\/p>\n<p>Sitemizde d\u0131\u015far\u0131dan \u015firketlerin reklamlar\u0131n\u0131 yay\u0131nlamaktay\u0131z (Google Adsense). Bu reklamlar \u00e7erez (cookies) i\u00e7erebilir ve bu \u015firketler taraf\u0131ndan \u00e7erez bilgileri toplanabilir ve bizim bu bilgiye ula\u015fmam\u0131z m\u00fcmk\u00fcn de\u011fildir. Biz Google Adsense ile \u00e7al\u0131\u015fmaktay\u0131z l\u00fctfen onlar\u0131n ilgili sayfalar\u0131ndan gizlilik s\u00f6zle\u015fmelerini okuyunuz.<\/p>\n<p>DI\u015e BA\u011eLANTILAR<\/p>\n<p>www.bilisimonline.net sitesi, sayfalar\u0131ndan farkl\u0131 internet adreslerine ba\u011flant\u0131 vermektedir. www.bilisimonline.net \u00a0link verdi\u011fi, banner tan\u0131t\u0131m\u0131n\u0131 yapt\u0131\u011f\u0131 sitelerin i\u00e7eriklerinden veya gizlilik prensiplerinden sorumlu de\u011fildir. Burada bahsedilen ba\u011flant\u0131 verme i\u015flemi, hukuki olarak \u201cat\u0131fta bulunma\u201d olarak de\u011ferlendirilmektedir.<\/p>\n<p>\u0130LET\u0130\u015e\u0130M<\/p>\n<p>www.bilisimonline.net sitesinde uygulanan site kullan\u0131m ko\u015fullar\u0131, Gizlilik ve G\u00fcvenlik Politikas\u0131 ile ilgili; her t\u00fcrl\u00fc soru, g\u00f6r\u00fc\u015f ve d\u00fc\u015f\u00fcncelerinizi bize a\u015fa\u011f\u0131daki ileti\u015fim formunu tam ve do\u011fru bir \u015fekilde doldurarak bize iletebilirsiniz.<\/p>\n<div data-test='contact-form' id='contact-form-820' class='wp-block-jetpack-contact-form-container '>\n<form action='http:\/\/www.bilisimonline.net\/index.php\/gizlilik-politikasi\/#contact-form-820' method='post' class='contact-form commentsblock' aria-label=\"Gizlilik ve G\u00fcvenlik Politikas\u0131\" novalidate>\n\n<div style=\"\" class='grunion-field-name-wrap grunion-field-wrap'  >\n<label\n\t\t\t\tfor='g820-sim'\n\t\t\t\tclass='grunion-field-label name'>\u0130sim<span class=\"grunion-label-required\" aria-hidden=\"true\">(gerekli)<\/span><\/label>\n<input\n\t\t\t\t\ttype='text'\n\t\t\t\t\tname='g820-sim'\n\t\t\t\t\tid='g820-sim'\n\t\t\t\t\tvalue=''\n\t\t\t\t\tclass='name  grunion-field' \n\t\t\t\t\trequired aria-required='true' \/>\n\t<\/div>\n\n<div style=\"\" class='grunion-field-email-wrap grunion-field-wrap'  >\n<label\n\t\t\t\tfor='g820-eposta'\n\t\t\t\tclass='grunion-field-label email'>E-Posta<span class=\"grunion-label-required\" aria-hidden=\"true\">(gerekli)<\/span><\/label>\n<input\n\t\t\t\t\ttype='email'\n\t\t\t\t\tname='g820-eposta'\n\t\t\t\t\tid='g820-eposta'\n\t\t\t\t\tvalue=''\n\t\t\t\t\tclass='email  grunion-field' \n\t\t\t\t\trequired aria-required='true' \/>\n\t<\/div>\n\n<div style=\"\" class='grunion-field-url-wrap grunion-field-wrap'  >\n<label\n\t\t\t\tfor='g820-websitesi'\n\t\t\t\tclass='grunion-field-label url'>Web Sitesi<\/label>\n<input\n\t\t\t\t\ttype='text'\n\t\t\t\t\tname='g820-websitesi'\n\t\t\t\t\tid='g820-websitesi'\n\t\t\t\t\tvalue=''\n\t\t\t\t\tclass='url  grunion-field' \n\t\t\t\t\ttitle=\"L\u00fctfen ge\u00e7erli bir URL girin - https:\/\/www.example.com\" oninvalid=\"setCustomValidity(&quot;L\u00fctfen ge\u00e7erli bir URL girin - https:\/\/www.example.com&quot;)\" oninput=\"setCustomValidity(&quot;&quot;)\" pattern=\"(([:\\\/a-zA-Z0-9_\\-]+)?(\\.[a-zA-Z0-9_\\-\\\/]+)+)\" data-type-override=\"url\"  \/>\n\t<\/div>\n\n<div style=\"\" class='grunion-field-textarea-wrap grunion-field-wrap'  >\n<label\n\t\t\t\tfor='contact-form-comment-g820-yorum'\n\t\t\t\tclass='grunion-field-label textarea'>Yorum<span class=\"grunion-label-required\" aria-hidden=\"true\">(gerekli)<\/span><\/label>\n<textarea\n\t\t                style=''\n\t\t                name='g820-yorum'\n\t\t                id='contact-form-comment-g820-yorum'\n\t\t                rows='20' class='textarea  grunion-field'  required aria-required='true'><\/textarea>\n\t<\/div>\n\t<p class='contact-submit'>\n\t\t<button type='submit' class='pushbutton-wide'>G\u00f6nder<\/button>\t\t<input type='hidden' name='contact-form-id' value='820' \/>\n\t\t<input type='hidden' name='action' value='grunion-contact-form' \/>\n\t\t<input type='hidden' name='contact-form-hash' value='9dd45671020c3599982d266929762e91dabba2cc' \/>\n\t<\/p>\n<p style=\"display: none !important;\" class=\"akismet-fields-container\" data-prefix=\"ak_\"><label>&#916;<textarea name=\"ak_hp_textarea\" cols=\"45\" rows=\"8\" maxlength=\"100\"><\/textarea><\/label><input type=\"hidden\" id=\"ak_js_1\" name=\"ak_js\" value=\"57\"\/><script>document.getElementById( \"ak_js_1\" ).setAttribute( \"value\", ( new Date() ).getTime() );<\/script><\/p><\/form>\n<\/div>\n","protected":false},"excerpt":{"rendered":"<p>Gizlilik ve G\u00fcvenlik Politikas\u0131 www.bilisimonline.net sitesi olarak ki\u015fisel gizlilik haklar\u0131n\u0131za sayg\u0131 duyuyor ve sitemizde ge\u00e7irdi\u011finiz s\u00fcre zarf\u0131nda bunu sa\u011flamak i\u00e7in \u00e7aba sarf ediyoruz. Ki\u015fisel bilgilerinizin g\u00fcvenli\u011fi ile ilgili a\u00e7\u0131klamalar a\u015fa\u011f\u0131da a\u00e7\u0131klanm\u0131\u015f ve bilginize sunulmu\u015ftur. Sitemizde yer alan t\u00fcm makaleler kaynak g\u00f6stermek ve link vermek \u015fart\u0131yla payla\u015f\u0131labilir. REKLAMLAR Sitemizde d\u0131\u015far\u0131dan \u015firketlerin reklamlar\u0131n\u0131 yay\u0131nlamaktay\u0131z (Google Adsense). Bu &#8230;<\/p>\n","protected":false},"author":1,"featured_media":0,"parent":0,"menu_order":0,"comment_status":"closed","ping_status":"closed","template":"","meta":{"jetpack_post_was_ever_published":false,"footnotes":""},"class_list":["post-820","page","type-page","status-publish","hentry"],"aioseo_notices":[],"jetpack_sharing_enabled":true,"jetpack_shortlink":"https:\/\/wp.me\/P7k56R-de","jetpack-related-posts":[],"_links":{"self":[{"href":"http:\/\/www.bilisimonline.net\/index.php\/wp-json\/wp\/v2\/pages\/820"}],"collection":[{"href":"http:\/\/www.bilisimonline.net\/index.php\/wp-json\/wp\/v2\/pages"}],"about":[{"href":"http:\/\/www.bilisimonline.net\/index.php\/wp-json\/wp\/v2\/types\/page"}],"author":[{"embeddable":true,"href":"http:\/\/www.bilisimonline.net\/index.php\/wp-json\/wp\/v2\/users\/1"}],"replies":[{"embeddable":true,"href":"http:\/\/www.bilisimonline.net\/index.php\/wp-json\/wp\/v2\/comments?post=820"}],"version-history":[{"count":7,"href":"http:\/\/www.bilisimonline.net\/index.php\/wp-json\/wp\/v2\/pages\/820\/revisions"}],"predecessor-version":[{"id":4494,"href":"http:\/\/www.bilisimonline.net\/index.php\/wp-json\/wp\/v2\/pages\/820\/revisions\/4494"}],"wp:attachment":[{"href":"http:\/\/www.bilisimonline.net\/index.php\/wp-json\/wp\/v2\/media?parent=820"}],"curies":[{"name":"wp","href":"https:\/\/api.w.org\/{rel}","templated":true}]}}