{"id":824,"date":"2017-04-17T12:06:24","date_gmt":"2017-04-17T09:06:24","guid":{"rendered":"http:\/\/www.bilisimonline.net\/?page_id=824"},"modified":"2021-11-03T09:51:57","modified_gmt":"2021-11-03T06:51:57","slug":"iletisim","status":"publish","type":"page","link":"http:\/\/www.bilisimonline.net\/index.php\/iletisim\/","title":{"rendered":"\u0130leti\u015fim"},"content":{"rendered":"\n<p>Her t\u00fcrl\u00fc g\u00f6r\u00fc\u015f ve \u00f6nerileriniz bize ula\u015fabilirsiniz.<\/p>\n\n\n\n<p>Sa\u011fl\u0131kl\u0131 bir ileti\u015fim i\u00e7in formu tam ve do\u011fru bir \u015fekilde doldurman\u0131z \u00f6nemlidir. Web tasar\u0131m hakk\u0131nda bilgi almak i\u00e7in eposta veya a\u015fa\u011f\u0131daki form ile bize ula\u015fabilirsiniz. Konu uzman\u0131 Serap han\u0131m taraf\u0131ndan size d\u00f6n\u00fc\u015f yap\u0131lacakt\u0131r.<\/p>\n\n\n\n<figure class=\"wp-block-image\"><img data-recalc-dims=\"1\" loading=\"lazy\" decoding=\"async\" width=\"620\" height=\"289\" data-attachment-id=\"4559\" data-permalink=\"http:\/\/www.bilisimonline.net\/e-posta-okuyarak-gelir-elde-etmek\/\" data-orig-file=\"https:\/\/i0.wp.com\/www.bilisimonline.net\/wp-content\/uploads\/2019\/04\/e-posta-okuyarak-gelir-elde-etmek.png?fit=675%2C315\" data-orig-size=\"675,315\" data-comments-opened=\"1\" data-image-meta=\"{&quot;aperture&quot;:&quot;0&quot;,&quot;credit&quot;:&quot;&quot;,&quot;camera&quot;:&quot;&quot;,&quot;caption&quot;:&quot;&quot;,&quot;created_timestamp&quot;:&quot;0&quot;,&quot;copyright&quot;:&quot;&quot;,&quot;focal_length&quot;:&quot;0&quot;,&quot;iso&quot;:&quot;0&quot;,&quot;shutter_speed&quot;:&quot;0&quot;,&quot;title&quot;:&quot;&quot;,&quot;orientation&quot;:&quot;0&quot;}\" data-image-title=\"e-posta-okuyarak-gelir-elde-etmek\" data-image-description=\"&lt;p&gt;h\u0131zl\u0131 para kazanma yollar\u0131&lt;\/p&gt;\n\" data-image-caption=\"\" data-medium-file=\"https:\/\/i0.wp.com\/www.bilisimonline.net\/wp-content\/uploads\/2019\/04\/e-posta-okuyarak-gelir-elde-etmek.png?fit=300%2C140\" data-large-file=\"https:\/\/i0.wp.com\/www.bilisimonline.net\/wp-content\/uploads\/2019\/04\/e-posta-okuyarak-gelir-elde-etmek.png?fit=620%2C289\" tabindex=\"0\" role=\"button\" src=\"https:\/\/i0.wp.com\/www.bilisimonline.net\/wp-content\/uploads\/2019\/04\/e-posta-okuyarak-gelir-elde-etmek.png?resize=620%2C289&#038;ssl=1\" alt=\"E-Posta Okuyarak Para Kazanma\" class=\"wp-image-4559\" srcset=\"https:\/\/i0.wp.com\/www.bilisimonline.net\/wp-content\/uploads\/2019\/04\/e-posta-okuyarak-gelir-elde-etmek.png?w=675 675w, https:\/\/i0.wp.com\/www.bilisimonline.net\/wp-content\/uploads\/2019\/04\/e-posta-okuyarak-gelir-elde-etmek.png?resize=300%2C140 300w\" sizes=\"(max-width: 620px) 100vw, 620px\" \/><\/figure>\n\n\n<p align=\"left\">\u00a0<\/p>\n<div data-test='contact-form' id='contact-form-824' class='wp-block-jetpack-contact-form-container '>\n<form action='http:\/\/www.bilisimonline.net\/index.php\/iletisim\/#contact-form-824' method='post' class='contact-form commentsblock' aria-label=\"\u0130leti\u015fim\" novalidate>\n\n<div style=\"\" class='grunion-field-name-wrap grunion-field-wrap'  >\n<label\n\t\t\t\tfor='g824-sim'\n\t\t\t\tclass='grunion-field-label name'>\u0130sim<span class=\"grunion-label-required\" aria-hidden=\"true\">(gerekli)<\/span><\/label>\n<input\n\t\t\t\t\ttype='text'\n\t\t\t\t\tname='g824-sim'\n\t\t\t\t\tid='g824-sim'\n\t\t\t\t\tvalue=''\n\t\t\t\t\tclass='name  grunion-field' \n\t\t\t\t\trequired aria-required='true' \/>\n\t<\/div>\n\n<div style=\"\" class='grunion-field-email-wrap grunion-field-wrap'  >\n<label\n\t\t\t\tfor='g824-eposta'\n\t\t\t\tclass='grunion-field-label email'>E-Posta<span class=\"grunion-label-required\" aria-hidden=\"true\">(gerekli)<\/span><\/label>\n<input\n\t\t\t\t\ttype='email'\n\t\t\t\t\tname='g824-eposta'\n\t\t\t\t\tid='g824-eposta'\n\t\t\t\t\tvalue=''\n\t\t\t\t\tclass='email  grunion-field' \n\t\t\t\t\trequired aria-required='true' \/>\n\t<\/div>\n\n<div style=\"\" class='grunion-field-url-wrap grunion-field-wrap'  >\n<label\n\t\t\t\tfor='g824-websitesi'\n\t\t\t\tclass='grunion-field-label url'>Web Sitesi<\/label>\n<input\n\t\t\t\t\ttype='text'\n\t\t\t\t\tname='g824-websitesi'\n\t\t\t\t\tid='g824-websitesi'\n\t\t\t\t\tvalue=''\n\t\t\t\t\tclass='url  grunion-field' \n\t\t\t\t\ttitle=\"L\u00fctfen ge\u00e7erli bir URL girin - https:\/\/www.example.com\" oninvalid=\"setCustomValidity(&quot;L\u00fctfen ge\u00e7erli bir URL girin - https:\/\/www.example.com&quot;)\" oninput=\"setCustomValidity(&quot;&quot;)\" pattern=\"(([:\\\/a-zA-Z0-9_\\-]+)?(\\.[a-zA-Z0-9_\\-\\\/]+)+)\" data-type-override=\"url\"  \/>\n\t<\/div>\n\n<div style=\"\" class='grunion-field-textarea-wrap grunion-field-wrap'  >\n<label\n\t\t\t\tfor='contact-form-comment-g824-yorum'\n\t\t\t\tclass='grunion-field-label textarea'>Yorum<span class=\"grunion-label-required\" aria-hidden=\"true\">(gerekli)<\/span><\/label>\n<textarea\n\t\t                style=''\n\t\t                name='g824-yorum'\n\t\t                id='contact-form-comment-g824-yorum'\n\t\t                rows='20' class='textarea  grunion-field'  required aria-required='true'><\/textarea>\n\t<\/div>\n\t<p class='contact-submit'>\n\t\t<button type='submit' class='pushbutton-wide'>G\u00f6nder<\/button>\t\t<input type='hidden' name='contact-form-id' value='824' \/>\n\t\t<input type='hidden' name='action' value='grunion-contact-form' \/>\n\t\t<input type='hidden' name='contact-form-hash' value='4d6aa56c2e33f22e47b8144d9e5f092118864113' \/>\n\t<\/p>\n<p style=\"display: none !important;\" class=\"akismet-fields-container\" data-prefix=\"ak_\"><label>&#916;<textarea name=\"ak_hp_textarea\" cols=\"45\" rows=\"8\" maxlength=\"100\"><\/textarea><\/label><input type=\"hidden\" id=\"ak_js_1\" name=\"ak_js\" value=\"93\"\/><script>document.getElementById( \"ak_js_1\" ).setAttribute( \"value\", ( new Date() ).getTime() );<\/script><\/p><\/form>\n<\/div>\n\n\n<p><strong>\u0130leti\u015fim Bilgileri ve Sosyal Medya Sayfalar\u0131m\u0131z :<\/strong><\/p>\n\n\n\n<p><a href=\"mailto:bilisimonline.net@gmail.com\">kurumsal@bilisimonline.n<\/a><a href=\"mailto:kurumsal@bilisimonline.net\ufeff\">et<\/a><\/p>\n\n\n\n<p><a href=\"https:\/\/www.facebook.com\/bilisimonline.net\">Facebook BilisimOnline.Net Sayfas\u0131<\/a><\/p>\n\n\n\n<p><a href=\"https:\/\/www.youtube.com\/channel\/UCPHZ8xXImX4fqTwM2NfF2VQ\">Youtube BilisimOnline.Net Sayfas\u0131<\/a><\/p>\n\n\n\n<p><a href=\"https:\/\/plus.google.com\/100391002901635687825\">Google + BilisimOnline.Net Sayfas\u0131<\/a><\/p>\n\n\n\n<iframe loading=\"lazy\" src=\"https:\/\/www.google.com\/maps\/d\/embed?mid=1oC3qRmTuG6f5V0fCYYoovIg9W3fgy5Xw\" width=\"640\" height=\"480\"><\/iframe>\n\n\n\n<p class=\"has-white-color has-text-color\"><a href=\"https:\/\/www.google.com\/maps\/d\/edit?mid=1oC3qRmTuG6f5V0fCYYoovIg9W3fgy5Xw&amp;usp=sharing\">https:\/\/www.google.com\/maps\/d\/edit?mid=1oC3qRmTuG6f5V0fCYYoovIg9W3fgy5Xw&amp;usp=sharing<\/a><\/p>\n","protected":false},"excerpt":{"rendered":"<p>Her t\u00fcrl\u00fc g\u00f6r\u00fc\u015f ve \u00f6nerileriniz bize ula\u015fabilirsiniz. Sa\u011fl\u0131kl\u0131 bir ileti\u015fim i\u00e7in formu tam ve do\u011fru bir \u015fekilde doldurman\u0131z \u00f6nemlidir. Web tasar\u0131m hakk\u0131nda bilgi almak i\u00e7in eposta veya a\u015fa\u011f\u0131daki form ile bize ula\u015fabilirsiniz. Konu uzman\u0131 Serap han\u0131m taraf\u0131ndan size d\u00f6n\u00fc\u015f yap\u0131lacakt\u0131r. \u00a0 \u0130leti\u015fim Bilgileri ve Sosyal Medya Sayfalar\u0131m\u0131z : kurumsal@bilisimonline.net Facebook BilisimOnline.Net Sayfas\u0131 Youtube BilisimOnline.Net Sayfas\u0131 &#8230;<\/p>\n","protected":false},"author":1,"featured_media":4559,"parent":0,"menu_order":0,"comment_status":"closed","ping_status":"closed","template":"","meta":{"jetpack_post_was_ever_published":false,"footnotes":""},"class_list":["post-824","page","type-page","status-publish","has-post-thumbnail","hentry"],"aioseo_notices":[],"jetpack_sharing_enabled":true,"jetpack_shortlink":"https:\/\/wp.me\/P7k56R-di","jetpack-related-posts":[],"_links":{"self":[{"href":"http:\/\/www.bilisimonline.net\/index.php\/wp-json\/wp\/v2\/pages\/824"}],"collection":[{"href":"http:\/\/www.bilisimonline.net\/index.php\/wp-json\/wp\/v2\/pages"}],"about":[{"href":"http:\/\/www.bilisimonline.net\/index.php\/wp-json\/wp\/v2\/types\/page"}],"author":[{"embeddable":true,"href":"http:\/\/www.bilisimonline.net\/index.php\/wp-json\/wp\/v2\/users\/1"}],"replies":[{"embeddable":true,"href":"http:\/\/www.bilisimonline.net\/index.php\/wp-json\/wp\/v2\/comments?post=824"}],"version-history":[{"count":16,"href":"http:\/\/www.bilisimonline.net\/index.php\/wp-json\/wp\/v2\/pages\/824\/revisions"}],"predecessor-version":[{"id":6304,"href":"http:\/\/www.bilisimonline.net\/index.php\/wp-json\/wp\/v2\/pages\/824\/revisions\/6304"}],"wp:featuredmedia":[{"embeddable":true,"href":"http:\/\/www.bilisimonline.net\/index.php\/wp-json\/wp\/v2\/media\/4559"}],"wp:attachment":[{"href":"http:\/\/www.bilisimonline.net\/index.php\/wp-json\/wp\/v2\/media?parent=824"}],"curies":[{"name":"wp","href":"https:\/\/api.w.org\/{rel}","templated":true}]}}